{"id":234,"date":"2021-11-03T16:54:53","date_gmt":"2021-11-03T15:54:53","guid":{"rendered":"https:\/\/www.edilog.de\/network\/?page_id=234"},"modified":"2025-09-29T13:28:23","modified_gmt":"2025-09-29T11:28:23","slug":"angelika-drove-office-consulting","status":"publish","type":"page","link":"https:\/\/www.edilog.de\/network\/angelika-drove-office-consulting\/","title":{"rendered":"Angelika Drove Office Consulting"},"content":{"rendered":"<h1>Angelika Drove Office Consulting<\/h1>\n<p><img decoding=\"async\" loading=\"lazy\" class=\"size-full wp-image-138 alignleft\" src=\"https:\/\/www.edilog.de\/network\/wp-content\/uploads\/sites\/6\/2021\/08\/ad.jpg\" alt=\"Angelika Drove\" width=\"90\" height=\"99\" \/>Als <b>Expertin f\u00fcr Finanz- &amp; Rechnungswesen sowie Office Management<\/b> geht meine Erfahrung bis in das Jahr 1989 zur\u00fcck.<\/p>\n<p>Als Mitglied im Bundesverband selbst\u00e4ndiger Buchhalter und Bilanzbuchhalter b.b.h. unterst\u00fctze ich seit \u00fcber 20 Jahren klein- und mittelst\u00e4ndische Unternehmen aus zahlreichen Branchen zuverl\u00e4ssig, fachkundig und preiswert bei der \u00dcberbr\u00fcckung von kurzzeitigen und dauernden Kapazit\u00e4tsengp\u00e4ssen in ihrem Finanz- und Rechnungswesen \u2013 von der Rechnungsschreibung \u00fcber das Buchen der laufenden Gesch\u00e4ftsvorf\u00e4lle gem. \u00a7 6 Nr. 3 und 4 StBerG. bis hin zur betriebswirtschaftlichen Auswertung des Zahlenmaterials.<\/p>\n<p><img decoding=\"async\" loading=\"lazy\" class=\"size-medium wp-image-225 aligncenter\" src=\"https:\/\/www.edilog.de\/network\/wp-content\/uploads\/sites\/6\/2021\/10\/bbh-300x50.jpg\" sizes=\"(max-width: 300px) 100vw, 300px\" srcset=\"https:\/\/www.edilog.de\/network\/wp-content\/uploads\/sites\/6\/2021\/10\/bbh-300x50.jpg 300w, https:\/\/www.edilog.de\/network\/wp-content\/uploads\/sites\/6\/2021\/10\/bbh-768x127.jpg 768w, https:\/\/www.edilog.de\/network\/wp-content\/uploads\/sites\/6\/2021\/10\/bbh.jpg 908w\" alt=\"bbh\" width=\"300\" height=\"50\" \/><\/p>\n<h1>Mein Service-Portfolio<\/h1>\n<ul>\n<li style=\"list-style-type: none;\">\n<ul>\n<li><a title=\"Buchen lfd. Gesch\u00e4ftsvorf\u00e4lle\" href=\"https:\/\/www.edilog.de\/network\/buchen-lfd-geschaeftsvorfaelle\/\">Buchen lfd. Gesch\u00e4ftsvorf\u00e4lle<\/a>*<\/li>\n<li>Offene-Posten-Verwaltung mit kfm. Mahnwesen<\/li>\n<li>Fakturierung Ihrer Leistungen<\/li>\n<li>Betriebswirtschaftliche Auswertung und Controlling<\/li>\n<li>Unterst\u00fctzung bei der Organisation des digitalen B\u00fcrobetriebs<\/li>\n<li><a title=\"Inhouse-Seminare Buchhaltung\" href=\"https:\/\/www.edilog.de\/network\/inhouse-seminare-buchhaltung\/\">Inhouse-Seminare zum Thema Buchhaltung<\/a><\/li>\n<\/ul>\n<\/li>\n<\/ul>\n<p><em><strong>* <\/strong>Die Hilfestellung beim Buchen lfd. Gesch\u00e4ftsvorf\u00e4lle erfolgt ausschlie\u00dflich gem\u00e4\u00df \u00a7 6 Nr. 3 und 4 StBerG. Es erfolgt keine Hilfeleistung und Beratung in Steuersachen. Gerne zeigen wir Ihnen unverbindlich den Mehrwert auf, den wir f\u00fcr Sie generieren k\u00f6nnen.<\/em><\/p>\n<p>Informationen zu meinen beruflichen Erfahrungen sowie den bisher durchgef\u00fchrten Projekten finden Sie in der nachfolgenden Skill- &amp; Projekt\u00fcbersicht.<\/p>\n<p><a href=\"https:\/\/www.edilog.de\/network\/wp-content\/uploads\/sites\/6\/2024\/07\/Skills-Projekte-AD.pdf\" target=\"_blank\" rel=\"noopener\">Download (PDF)<\/a><\/p>\n<p><strong>\u00dcberzeugen Sie sich selbst! Ich freue mich auf Ihre <\/strong><strong>Kontaktaufnahme!<\/strong><\/p>\n<h1>Ihr Ansprechpartner<\/h1>\n<p><strong>Angelika Drove<\/strong><\/p>\n<p>Telefon: +49 221 6903870<br \/>\nTelefax: +49 221 6903871<br \/>\nE-Mail: officeservice@edilog.de<\/p>\n","protected":false},"excerpt":{"rendered":"<p>Angelika Drove Office Consulting Als Expertin f\u00fcr Finanz- &amp; Rechnungswesen sowie Office Management geht meine Erfahrung bis in das Jahr 1989 zur\u00fcck. Als Mitglied im Bundesverband selbst\u00e4ndiger Buchhalter und Bilanzbuchhalter b.b.h. unterst\u00fctze ich seit \u00fcber 20 Jahren klein- und mittelst\u00e4ndische Unternehmen aus zahlreichen Branchen zuverl\u00e4ssig, fachkundig und preiswert bei der \u00dcberbr\u00fcckung von kurzzeitigen und dauernden &hellip; <\/p>\n<p class=\"link-more\"><a href=\"https:\/\/www.edilog.de\/network\/angelika-drove-office-consulting\/\" class=\"more-link\"><span class=\"screen-reader-text\">\u201eAngelika Drove Office Consulting\u201c<\/span> weiterlesen<\/a><\/p>\n","protected":false},"author":2,"featured_media":0,"parent":0,"menu_order":0,"comment_status":"closed","ping_status":"closed","template":"","meta":[],"aioseo_notices":[],"_links":{"self":[{"href":"https:\/\/www.edilog.de\/network\/wp-json\/wp\/v2\/pages\/234"}],"collection":[{"href":"https:\/\/www.edilog.de\/network\/wp-json\/wp\/v2\/pages"}],"about":[{"href":"https:\/\/www.edilog.de\/network\/wp-json\/wp\/v2\/types\/page"}],"author":[{"embeddable":true,"href":"https:\/\/www.edilog.de\/network\/wp-json\/wp\/v2\/users\/2"}],"replies":[{"embeddable":true,"href":"https:\/\/www.edilog.de\/network\/wp-json\/wp\/v2\/comments?post=234"}],"version-history":[{"count":0,"href":"https:\/\/www.edilog.de\/network\/wp-json\/wp\/v2\/pages\/234\/revisions"}],"wp:attachment":[{"href":"https:\/\/www.edilog.de\/network\/wp-json\/wp\/v2\/media?parent=234"}],"curies":[{"name":"wp","href":"https:\/\/api.w.org\/{rel}","templated":true}]}}