{"id":233,"date":"2021-11-03T17:30:07","date_gmt":"2021-11-03T16:30:07","guid":{"rendered":"https:\/\/www.edilog.de\/network\/?page_id=233"},"modified":"2025-09-29T13:16:32","modified_gmt":"2025-09-29T11:16:32","slug":"juergen-esser-it-consulting","status":"publish","type":"page","link":"https:\/\/www.edilog.de\/network\/juergen-esser-it-consulting\/","title":{"rendered":"J\u00fcrgen Esser IT Consulting"},"content":{"rendered":"<h1>J\u00fcrgen Esser IT Consulting<\/h1>\n<p><img decoding=\"async\" loading=\"lazy\" class=\"size-full wp-image-137 alignleft\" src=\"https:\/\/www.edilog.de\/network\/wp-content\/uploads\/sites\/6\/2021\/08\/jee.jpg\" alt=\"J\u00fcrgen Esser\" width=\"90\" height=\"112\" \/><\/p>\n<p>Als <b>Experte f\u00fcr ORACLE &amp; Microsoft Datenbank-Technologien, Data Warehouse &amp; Business Intelligence sowie Datenbanksicherheit und Datenschutz <\/b>geht meine Erfahrung bis in das Jahr 1994 zur\u00fcck.<\/p>\n<p>Als Wegbereiter f\u00fcr die erfolgreiche Umsetzung von IT-Projekten unterst\u00fctze ich meine Kunden von der Beratung bis hin zur Implementierung von bedarfsgerechten L\u00f6sungen im Bereich der <strong>Verwaltung, Analyse und Sicherheit von Unternehmensdaten<\/strong>. Dabei stehe ich meinen Kunden als unabh\u00e4ngiger Berater und Coach zur Seite, indem ich f\u00e4llige Entscheidungen\u00a0 vorbereite, bei der Umsetzung unterst\u00fctze und die Schnittstelle bilde zu IT-Dienstleistern und Produktlieferanten.<\/p>\n<h1>Mein Service-Portfolio<\/h1>\n<ul>\n<li style=\"list-style-type: none;\">\n<ul>\n<li>ORACLE &amp; Microsoft Datenbank-Technologien<\/li>\n<li>Individuelle Data Warehouse (DWH) L\u00f6sungen als zentrale, einheitliche Datenbasis \u00fcber alle Unternehmensbereiche<\/li>\n<li>Moderne KI gest\u00fctzte Business Intelligence (BI) Systeme zur schnellen Auswertung gro\u00dfer Datenmengen f\u00fcr ein effizientes Reporting und Data Analytics<\/li>\n<li>Best Practices der Datenbanksicherheit zur Etablierung eines geeigneten und individuellen Datenbank-Sicherheitsniveaus<\/li>\n<\/ul>\n<\/li>\n<\/ul>\n<p>Informationen zu meinen beruflichen Erfahrungen sowie den bisher durchgef\u00fchrten Projekten finden Sie in der nachfolgenden Skill- &amp; Projekt\u00fcbersicht.<\/p>\n<p><a href=\"https:\/\/www.edilog.de\/network\/wp-content\/uploads\/sites\/6\/2024\/07\/Skills-Projekte-JE.pdf\" target=\"_blank\" rel=\"noopener\">Download (PDF)<\/a><\/p>\n<p><strong>\u00dcberzeugen Sie sich selbst! Ich freue mich auf Ihre <\/strong><strong>Kontaktaufnahme!<\/strong><\/p>\n<h1>Ihr Ansprechpartner<\/h1>\n<p><strong>J\u00fcrgen Esser<br \/>\n<\/strong><\/p>\n<p>Telefon: +49 221 6903870<br \/>\nTelefax: +49 221 6903871<br \/>\nE-Mail: consulting@edilog.de<\/p>\n","protected":false},"excerpt":{"rendered":"<p>J\u00fcrgen Esser IT Consulting Als Experte f\u00fcr ORACLE &amp; Microsoft Datenbank-Technologien, Data Warehouse &amp; Business Intelligence sowie Datenbanksicherheit und Datenschutz geht meine Erfahrung bis in das Jahr 1994 zur\u00fcck. Als Wegbereiter f\u00fcr die erfolgreiche Umsetzung von IT-Projekten unterst\u00fctze ich meine Kunden von der Beratung bis hin zur Implementierung von bedarfsgerechten L\u00f6sungen im Bereich der Verwaltung, &hellip; <\/p>\n<p class=\"link-more\"><a href=\"https:\/\/www.edilog.de\/network\/juergen-esser-it-consulting\/\" class=\"more-link\"><span class=\"screen-reader-text\">\u201eJ\u00fcrgen Esser IT Consulting\u201c<\/span> weiterlesen<\/a><\/p>\n","protected":false},"author":2,"featured_media":0,"parent":0,"menu_order":0,"comment_status":"closed","ping_status":"closed","template":"","meta":[],"aioseo_notices":[],"_links":{"self":[{"href":"https:\/\/www.edilog.de\/network\/wp-json\/wp\/v2\/pages\/233"}],"collection":[{"href":"https:\/\/www.edilog.de\/network\/wp-json\/wp\/v2\/pages"}],"about":[{"href":"https:\/\/www.edilog.de\/network\/wp-json\/wp\/v2\/types\/page"}],"author":[{"embeddable":true,"href":"https:\/\/www.edilog.de\/network\/wp-json\/wp\/v2\/users\/2"}],"replies":[{"embeddable":true,"href":"https:\/\/www.edilog.de\/network\/wp-json\/wp\/v2\/comments?post=233"}],"version-history":[{"count":0,"href":"https:\/\/www.edilog.de\/network\/wp-json\/wp\/v2\/pages\/233\/revisions"}],"wp:attachment":[{"href":"https:\/\/www.edilog.de\/network\/wp-json\/wp\/v2\/media?parent=233"}],"curies":[{"name":"wp","href":"https:\/\/api.w.org\/{rel}","templated":true}]}}