{"id":226,"date":"2021-10-26T13:27:25","date_gmt":"2021-10-26T11:27:25","guid":{"rendered":"https:\/\/www.edilog.de\/network\/?page_id=226"},"modified":"2025-07-29T14:57:00","modified_gmt":"2025-07-29T12:57:00","slug":"buchen-lfd-geschaeftsvorfaelle","status":"publish","type":"page","link":"https:\/\/www.edilog.de\/network\/buchen-lfd-geschaeftsvorfaelle\/","title":{"rendered":"Buchen lfd. Gesch\u00e4ftsvorf\u00e4lle"},"content":{"rendered":"<h1>Senken Sie Ihre Buchhaltungskosten!<\/h1>\n<p>Egal aus welcher Branche Sie kommen, <strong>wir buchen Ihre Belege schnell und g\u00fcnstig!\u00a0<\/strong><\/p>\n<p>Im Rahmen unseres <strong>Vor-Ort-Service <\/strong>vereinbaren wir einen Termin zur Ermittlung des Arbeitsvolumens. Dann vereinbaren wir Einsatzzeiten nach Ihren Erfordernissen und unseren Erfahrungswerten, die in Ihrem Hause an Ihren Computern mit Ihrer Buchhaltungssoftware stattfinden.<\/p>\n<p><strong>Unser Leistungsumfang &#8211; Vor-Ort-Service<\/strong><\/p>\n<ul>\n<li style=\"list-style-type: none;\">\n<ul>\n<li>Aufbereiten Ihrer lfd. Buchhaltungsbelege (papiergebunden oder digital)<\/li>\n<li>F\u00fchren &amp; Buchen des Kassenbuches \/ Kasse \/ Barausgaben<\/li>\n<li>Kontieren &amp; Buchen lfd. Gesch\u00e4ftsvorf\u00e4lle* (ohne Offene Posten)<\/li>\n<li>Aufbereitung der Unterlagen f\u00fcr Ihren Steuerberater (papiergebunden oder digital)<\/li>\n<\/ul>\n<\/li>\n<\/ul>\n<p>ab <strong>49,90 \u20ac\/ Std.<\/strong><\/p>\n<p>Sofern Sie die <strong>Arbeiten komplett au\u00dfer Haus <\/strong>durchf\u00fchren lassen wollen, erfolgt Anfang des Monats die \u00dcbergabe Ihrer Belege papiergebunden oder digital an uns. Ihre Belege werden dann in Zusammenarbeit mit Ihrem Steuerberater nach einem vorgegebenen Kontenrahmen kontiert und gebucht. Nach dem Buchen erhalten Sie Ihre papiergebundenen Originalbelege sofern eingereicht wieder zur\u00fcck. Die gebuchten Daten k\u00f6nnen jederzeit an Ihren Steuerberater \u00fcbermittelt werden, sofern die Buchf\u00fchrung nicht schon direkt online in der DATEV-Software der Steuerkanzlei erfolgt.<\/p>\n<p><strong>Unser Leistungsumfang &#8211; Arbeiten komplett au\u00dfer Haus<\/strong><\/p>\n<ul>\n<li style=\"list-style-type: none;\">\n<ul>\n<li>Hol- und Bringservice f\u00fcr Ihre papiergebundenen lfd. Buchhaltungsbelege<\/li>\n<li>Aufbereiten Ihrer lfd. Buchhaltungsbelege (papiergebunden oder digital mit DATEV Unternehmen Online oder Taxflow<\/li>\n<li>F\u00fchren &amp; Buchen des Kassenbuches \/ Kasse \/ Barausgaben<\/li>\n<li>Kontieren &amp; Buchen lfd. Gesch\u00e4ftsvorf\u00e4lle* (ohne Offene Posten)<\/li>\n<li>Aufbereitung der Unterlagen f\u00fcr Ihren Steuerberater (papiergebunden oder digital)<\/li>\n<\/ul>\n<\/li>\n<\/ul>\n<p>ab <strong>99,90 \u20ac\/ Monat<\/strong><\/p>\n<p>Gerne erstellen wir Ihnen ein individuelles Angebot.<\/p>\n<p>Alle Preise verstehen sich netto zzgl. gesetzlicher MwSt.<\/p>\n<p><em><strong>*<\/strong>Unsere Hilfestellung beim Buchen lfd. Gesch\u00e4ftsvorf\u00e4lle erfolgt ausschlie\u00dflich gem\u00e4\u00df \u00a7 6 Nr. 3 und 4 StBerG. Es erfolgt keine Hilfeleistung und Beratung in Steuersachen<\/em>.<\/p>\n<p>Gerne informieren wir Sie unverbindlich \u00fcber unsere Angebote zum Buchen lfd. Gesch\u00e4ftsvorf\u00e4lle. <strong>Wir freuen uns auf Ihre Kontaktaufnahme!<\/strong><\/p>\n<p><a href=\"https:\/\/www.edilog.de\/network\/kontakt-2\/\"><img decoding=\"async\" loading=\"lazy\" class=\"size-medium wp-image-295 aligncenter\" src=\"https:\/\/www.edilog.de\/network\/wp-content\/uploads\/sites\/6\/2023\/11\/ButtonJetztInformieren-300x45.png\" alt=\"Buchen lfd. Gesch\u00e4ftsvorf\u00e4lle - Jetzt unverbindlich informieren\" width=\"300\" height=\"45\" srcset=\"https:\/\/www.edilog.de\/network\/wp-content\/uploads\/sites\/6\/2023\/11\/ButtonJetztInformieren-300x45.png 300w, https:\/\/www.edilog.de\/network\/wp-content\/uploads\/sites\/6\/2023\/11\/ButtonJetztInformieren-1024x153.png 1024w, https:\/\/www.edilog.de\/network\/wp-content\/uploads\/sites\/6\/2023\/11\/ButtonJetztInformieren-768x115.png 768w, https:\/\/www.edilog.de\/network\/wp-content\/uploads\/sites\/6\/2023\/11\/ButtonJetztInformieren.png 1181w\" sizes=\"(max-width: 300px) 100vw, 300px\" \/><\/a><\/p>\n<h1>Ihr Ansprechpartner<\/h1>\n<p><strong>Angelika Drove<\/strong><\/p>\n<p>Telefon: +49 221 6903870<br \/>\nTelefax: +49 221 6903871<br \/>\nE-Mail: officeservice@edilog.de<\/p>\n","protected":false},"excerpt":{"rendered":"<p>Senken Sie Ihre Buchhaltungskosten! Egal aus welcher Branche Sie kommen, wir buchen Ihre Belege schnell und g\u00fcnstig!\u00a0 Im Rahmen unseres Vor-Ort-Service vereinbaren wir einen Termin zur Ermittlung des Arbeitsvolumens. Dann vereinbaren wir Einsatzzeiten nach Ihren Erfordernissen und unseren Erfahrungswerten, die in Ihrem Hause an Ihren Computern mit Ihrer Buchhaltungssoftware stattfinden. Unser Leistungsumfang &#8211; Vor-Ort-Service Aufbereiten &hellip; <\/p>\n<p class=\"link-more\"><a href=\"https:\/\/www.edilog.de\/network\/buchen-lfd-geschaeftsvorfaelle\/\" class=\"more-link\"><span class=\"screen-reader-text\">\u201eBuchen lfd. Gesch\u00e4ftsvorf\u00e4lle\u201c<\/span> weiterlesen<\/a><\/p>\n","protected":false},"author":2,"featured_media":0,"parent":0,"menu_order":0,"comment_status":"closed","ping_status":"closed","template":"","meta":[],"aioseo_notices":[],"_links":{"self":[{"href":"https:\/\/www.edilog.de\/network\/wp-json\/wp\/v2\/pages\/226"}],"collection":[{"href":"https:\/\/www.edilog.de\/network\/wp-json\/wp\/v2\/pages"}],"about":[{"href":"https:\/\/www.edilog.de\/network\/wp-json\/wp\/v2\/types\/page"}],"author":[{"embeddable":true,"href":"https:\/\/www.edilog.de\/network\/wp-json\/wp\/v2\/users\/2"}],"replies":[{"embeddable":true,"href":"https:\/\/www.edilog.de\/network\/wp-json\/wp\/v2\/comments?post=226"}],"version-history":[{"count":0,"href":"https:\/\/www.edilog.de\/network\/wp-json\/wp\/v2\/pages\/226\/revisions"}],"wp:attachment":[{"href":"https:\/\/www.edilog.de\/network\/wp-json\/wp\/v2\/media?parent=226"}],"curies":[{"name":"wp","href":"https:\/\/api.w.org\/{rel}","templated":true}]}}