{"id":15,"date":"2018-06-11T14:12:19","date_gmt":"2018-06-11T12:12:19","guid":{"rendered":"http:\/\/www.edilog.de\/network\/?page_id=15"},"modified":"2021-11-05T12:46:02","modified_gmt":"2021-11-05T11:46:02","slug":"ueber-uns","status":"publish","type":"page","link":"https:\/\/www.edilog.de\/network\/ueber-uns\/","title":{"rendered":"\u00dcber uns"},"content":{"rendered":"<h1>Geb\u00fcndelte Kompetenz f\u00fcr Ihr Unternehmen!<\/h1>\n<p>Das eDiLOG Business NETWORK basiert auf einem Zusammenschluss von Unternehmen aus den Bereichen<strong> B\u00fcrodienstleistung und Informationstechnologie (IT)<\/strong>, wobei jeder Partner seine Kernkompetenzen in den Verbund einbringt, um ein Wissensnetzwerk zu bilden und gewinnbringend f\u00fcr unsere Kunden zu nutzen.<\/p>\n<p>Dieses Konzept erm\u00f6glicht es, vom umfangreichen dezentralen Spezialwissen unserer Partner zu profitieren, um durch das geb\u00fcndelte Know-how mit einer h\u00f6chst effizienten Kostenstruktur sehr flexibel, kreativ und schnell auf jede Entwicklung im Markt zu reagieren.<\/p>\n<p>Umfassende Fachkompetenz aus langj\u00e4hriger Praxis sowie fundierte Branchenkenntnis machen unsere Partner zu <strong>kompetenten Ansprechpartnern f\u00fcr B\u00fcro- und IT-Dienstleistungen<\/strong>.<\/p>\n<p>Entscheidend ist, dass Sie bei allen Beratungspartnern des eDiLOG Business NETWORK eine Leistung vorfinden, auf die Sie sich verlassen k\u00f6nnen!<\/p>\n<p>Dabei setzen wir auf Teamgeist, kreatives Know-How, Flexibilit\u00e4t und sind f\u00fcr Sie da, wo und wann Sie Unterst\u00fctzung brauchen.<\/p>\n","protected":false},"excerpt":{"rendered":"<p>Geb\u00fcndelte Kompetenz f\u00fcr Ihr Unternehmen! Das eDiLOG Business NETWORK basiert auf einem Zusammenschluss von Unternehmen aus den Bereichen B\u00fcrodienstleistung und Informationstechnologie (IT), wobei jeder Partner seine Kernkompetenzen in den Verbund einbringt, um ein Wissensnetzwerk zu bilden und gewinnbringend f\u00fcr unsere Kunden zu nutzen. Dieses Konzept erm\u00f6glicht es, vom umfangreichen dezentralen Spezialwissen unserer Partner zu profitieren, &hellip; <\/p>\n<p class=\"link-more\"><a href=\"https:\/\/www.edilog.de\/network\/ueber-uns\/\" class=\"more-link\"><span class=\"screen-reader-text\">\u201e\u00dcber uns\u201c<\/span> weiterlesen<\/a><\/p>\n","protected":false},"author":2,"featured_media":12,"parent":0,"menu_order":0,"comment_status":"closed","ping_status":"closed","template":"","meta":[],"aioseo_notices":[],"_links":{"self":[{"href":"https:\/\/www.edilog.de\/network\/wp-json\/wp\/v2\/pages\/15"}],"collection":[{"href":"https:\/\/www.edilog.de\/network\/wp-json\/wp\/v2\/pages"}],"about":[{"href":"https:\/\/www.edilog.de\/network\/wp-json\/wp\/v2\/types\/page"}],"author":[{"embeddable":true,"href":"https:\/\/www.edilog.de\/network\/wp-json\/wp\/v2\/users\/2"}],"replies":[{"embeddable":true,"href":"https:\/\/www.edilog.de\/network\/wp-json\/wp\/v2\/comments?post=15"}],"version-history":[{"count":0,"href":"https:\/\/www.edilog.de\/network\/wp-json\/wp\/v2\/pages\/15\/revisions"}],"wp:featuredmedia":[{"embeddable":true,"href":"https:\/\/www.edilog.de\/network\/wp-json\/wp\/v2\/media\/12"}],"wp:attachment":[{"href":"https:\/\/www.edilog.de\/network\/wp-json\/wp\/v2\/media?parent=15"}],"curies":[{"name":"wp","href":"https:\/\/api.w.org\/{rel}","templated":true}]}}