{"id":143,"date":"2021-08-11T15:33:04","date_gmt":"2021-08-11T13:33:04","guid":{"rendered":"https:\/\/www.edilog.de\/network\/?page_id=143"},"modified":"2024-07-27T15:07:14","modified_gmt":"2024-07-27T13:07:14","slug":"projektberichte","status":"publish","type":"page","link":"https:\/\/www.edilog.de\/network\/projektberichte\/","title":{"rendered":"Projektberichte"},"content":{"rendered":"<p>Zufriedene Kunden &#8211; das ist das Ziel unserer Arbeit. Wir sind stolz auf das, was wir bisher mit unseren Kunden gemeinsam geschafft haben.<\/p>\n<p>In kleinen bis hin zu gro\u00dfen Projekten, die sich \u00fcber mehrere Jahre erstreckten, haben wir zahlreiche Kunden bei ihren t\u00e4glichen Herausforderungen begleitet.<\/p>\n<p>Die nachfolgende Liste unserer Projektberichte ist eine Auswahl, die unsere fachlichen Qualit\u00e4ten besonders gefordert haben.<\/p>\n<p>Umsetzung und Einhaltung von Sicherheitsrichtlinien bei einem f\u00fchrenden Unternehmen der\u00a0<b>Telekommunikationsbranche<\/b>.<\/p>\n<p><a href=\"https:\/\/www.edilog.de\/network\/wp-content\/uploads\/sites\/6\/2021\/08\/DATA-SECURITY-3.pdf\" target=\"_blank\" rel=\"noopener\">Download (PDF)<\/a><\/p>\n<p>Einf\u00fchrung einer Standard-L\u00f6sung f\u00fcr das Database Activity Logging &amp; Monitoring auf der Basis eines Log Data Warehouses bei einem f\u00fchrenden Unternehmen der\u00a0<b>Telekommunikationsbranche<\/b>.<\/p>\n<p><a href=\"https:\/\/www.edilog.de\/network\/wp-content\/uploads\/sites\/6\/2021\/08\/DATA-SECURITY-2.pdf\" target=\"_blank\" rel=\"noopener\">Download (PDF)<\/a><\/p>\n<p>Entwicklung einer Individual-L\u00f6sung f\u00fcr das Database Activity Logging &amp; Monitoring auf der Basis eines Log Data Warehouses bei einem f\u00fchrenden Unternehmen der\u00a0<b>Telekommunikationsbranche<\/b>.<\/p>\n<p><a href=\"https:\/\/www.edilog.de\/network\/wp-content\/uploads\/sites\/6\/2021\/08\/DATA-SECURITY-1.pdf\" target=\"_blank\" rel=\"noopener\">Download (PDF)<\/a><\/p>\n<p>Verbesserung des Kundendatenschutzes bei einem f\u00fchrenden Unternehmen der\u00a0<b>Telekommunikationsbranche<\/b>.<\/p>\n<p><a href=\"https:\/\/www.edilog.de\/network\/wp-content\/uploads\/sites\/6\/2021\/08\/DATA-SECURITY-0.pdf\" target=\"_blank\" rel=\"noopener\">Download (PDF)<\/a><\/p>\n<p>Betrieb und Wartung eines analytischen Systems zur technischen Unterst\u00fctzung der Netzbilanzierung nach der Verb\u00e4ndevereinbarung II f\u00fcr das Stromnetz der\u00a0<b>RheinEnergie AG<\/b>\u00a0sowie Vorbereitung des Systems zur Umstellung auf das neue Energiedatenmanagementsystem SAP-EDM.<\/p>\n<p><a href=\"https:\/\/www.edilog.de\/network\/wp-content\/uploads\/sites\/6\/2021\/08\/RheinEnergie-BALI-1.pdf\" target=\"_blank\" rel=\"noopener\">Download (PDF)<\/a><\/p>\n<p>Die\u00a0<b>Mercedes-Benz Bank AG<\/b> verl\u00e4sst sich bei Reengineering, Optimierung und Weiterentwicklung einer Software-Testapplikation f\u00fcr den Banking- und Automotivbereich auf unsere Expertise.<\/p>\n<p><a href=\"https:\/\/www.edilog.de\/network\/wp-content\/uploads\/sites\/6\/2021\/08\/MercedesBenz-Bank-TESTPRO.pdf\" target=\"_blank\" rel=\"noopener\">Download (PDF)<\/a><\/p>\n<p>Betrieb, Wartung und Weiterentwicklung eines analytischen Systems zur technischen Unterst\u00fctzung der Netzbilanzierung nach der Verb\u00e4ndevereinbarung II f\u00fcr das Stromnetz der\u00a0<b>RheinEnergie AG<\/b>.<\/p>\n<p><a href=\"https:\/\/www.edilog.de\/network\/wp-content\/uploads\/sites\/6\/2021\/08\/RheinEnergie-BALI.pdf\" target=\"_blank\" rel=\"noopener\">Download (PDF)<\/a><\/p>\n<p>Im Rahmen der Neuentwicklung des Services \u201eLastgangdaten online\u201c mit einer webbasierten L\u00f6sung auf Basis einer Java Enterprise Architektur und einem Oracle Application Server wurde die Anbindung der vorhandenen SAP Abrechnungs- und Kundeninformationssysteme auf der Basis von Oracle Daten\u00adbanken der\u00a0<b>RheinEnergie AG<\/b> realisiert.<\/p>\n<p><a href=\"https:\/\/www.edilog.de\/network\/wp-content\/uploads\/sites\/6\/2021\/08\/RheinEnergie-LAKIS.pdf\" target=\"_blank\" rel=\"noopener\">Download (PDF)<\/a><\/p>\n<p>Entwicklung eines Personalrabattabrechnungssystems f\u00fcr alle Mitarbeiter der\u00a0<b>RheinEnergie AG<\/b>\u00a0mit Integration in bestehende SAP Systeme.<\/p>\n<p><a href=\"https:\/\/www.edilog.de\/network\/wp-content\/uploads\/sites\/6\/2021\/08\/RheinEnergie-MIRA.pdf\" target=\"_blank\" rel=\"noopener\">Download (PDF)<\/a><\/p>\n<p>Die\u00a0<b>SERVICE CONCEPT GmbH<\/b>\u00a0\u00fcbertr\u00e4gt uns zentrale Aufgaben in den Bereichen Buchhaltung, Office Management und Controlling.<\/p>\n<p><a href=\"https:\/\/www.edilog.de\/network\/wp-content\/uploads\/sites\/6\/2021\/08\/ServiceConcept-FIBU.pdf\" target=\"_blank\" rel=\"noopener\">Download (PDF)<\/a><\/p>\n<p>Realisierung eines Customer Relationship Management Systems bei der\u00a0<b>Versatel GmbH<\/b>.<\/p>\n<p><a href=\"https:\/\/www.edilog.de\/network\/wp-content\/uploads\/sites\/6\/2021\/08\/Versatel-CRM.pdf\" target=\"_blank\" rel=\"noopener\">Download (PDF)<\/a><\/p>\n","protected":false},"excerpt":{"rendered":"<p>Zufriedene Kunden &#8211; das ist das Ziel unserer Arbeit. Wir sind stolz auf das, was wir bisher mit unseren Kunden gemeinsam geschafft haben. In kleinen bis hin zu gro\u00dfen Projekten, die sich \u00fcber mehrere Jahre erstreckten, haben wir zahlreiche Kunden bei ihren t\u00e4glichen Herausforderungen begleitet. Die nachfolgende Liste unserer Projektberichte ist eine Auswahl, die unsere &hellip; <\/p>\n<p class=\"link-more\"><a href=\"https:\/\/www.edilog.de\/network\/projektberichte\/\" class=\"more-link\"><span class=\"screen-reader-text\">\u201eProjektberichte\u201c<\/span> weiterlesen<\/a><\/p>\n","protected":false},"author":2,"featured_media":0,"parent":0,"menu_order":0,"comment_status":"closed","ping_status":"closed","template":"","meta":[],"aioseo_notices":[],"_links":{"self":[{"href":"https:\/\/www.edilog.de\/network\/wp-json\/wp\/v2\/pages\/143"}],"collection":[{"href":"https:\/\/www.edilog.de\/network\/wp-json\/wp\/v2\/pages"}],"about":[{"href":"https:\/\/www.edilog.de\/network\/wp-json\/wp\/v2\/types\/page"}],"author":[{"embeddable":true,"href":"https:\/\/www.edilog.de\/network\/wp-json\/wp\/v2\/users\/2"}],"replies":[{"embeddable":true,"href":"https:\/\/www.edilog.de\/network\/wp-json\/wp\/v2\/comments?post=143"}],"version-history":[{"count":0,"href":"https:\/\/www.edilog.de\/network\/wp-json\/wp\/v2\/pages\/143\/revisions"}],"wp:attachment":[{"href":"https:\/\/www.edilog.de\/network\/wp-json\/wp\/v2\/media?parent=143"}],"curies":[{"name":"wp","href":"https:\/\/api.w.org\/{rel}","templated":true}]}}