{"id":136,"date":"2021-08-09T12:39:24","date_gmt":"2021-08-09T10:39:24","guid":{"rendered":"https:\/\/www.edilog.de\/network\/?page_id=136"},"modified":"2025-07-29T13:26:05","modified_gmt":"2025-07-29T11:26:05","slug":"partner","status":"publish","type":"page","link":"https:\/\/www.edilog.de\/network\/partner\/","title":{"rendered":"Partner"},"content":{"rendered":"<h1>Partner des eDiLOG Business NETWORK<\/h1>\n<p>Unsere Partner bringen als tragende S\u00e4ulen des eDiLOG Business NETWORK ihre<span style=\"font-size: 1rem;\"> Kernkompetenzen in den Verbund ein, um ein Wissensnetzwerk zu bilden und gewinnbringend f\u00fcr unsere Kunden zu nutzen.<\/span><\/p>\n<h1>Angelika Drove Office Consulting<\/h1>\n<p><a href=\"https:\/\/www.edilog.de\/network\/angelika-drove-office-consulting\/\"><img decoding=\"async\" loading=\"lazy\" class=\"alignnone wp-image-245 size-large\" src=\"https:\/\/www.edilog.de\/network\/wp-content\/uploads\/sites\/6\/2021\/11\/ad_1000px-928x1024.jpg\" alt=\"Angelika Drove\" width=\"525\" height=\"579\" srcset=\"https:\/\/www.edilog.de\/network\/wp-content\/uploads\/sites\/6\/2021\/11\/ad_1000px-928x1024.jpg 928w, https:\/\/www.edilog.de\/network\/wp-content\/uploads\/sites\/6\/2021\/11\/ad_1000px-272x300.jpg 272w, https:\/\/www.edilog.de\/network\/wp-content\/uploads\/sites\/6\/2021\/11\/ad_1000px-768x848.jpg 768w, https:\/\/www.edilog.de\/network\/wp-content\/uploads\/sites\/6\/2021\/11\/ad_1000px.jpg 1000w\" sizes=\"(max-width: 525px) 100vw, 525px\" \/><\/a><\/p>\n<p><b>Expertin f\u00fcr Finanz- &amp; Rechnungswesen sowie Office Management<\/b><\/p>\n<p><a href=\" https:\/\/www.edilog.de\/network\/angelika-drove-office-consulting\/\"><img decoding=\"async\" loading=\"lazy\" class=\"alignnone wp-image-66\" src=\"https:\/\/www.edilog.de\/network\/wp-content\/uploads\/sites\/6\/2019\/02\/btn_mehrerfahren.png\" alt=\"Mehr erfahren zu den Dienstleistungen von Angelika Drove Office Consulting\" width=\"150\" height=\"69\" \/><\/a><\/p>\n<h1>J\u00fcrgen Esser IT Consulting<\/h1>\n<p><a href=\"https:\/\/www.edilog.de\/network\/juergen-esser-it-consulting\/\"><img decoding=\"async\" loading=\"lazy\" class=\"alignnone wp-image-246 size-large\" src=\"https:\/\/www.edilog.de\/network\/wp-content\/uploads\/sites\/6\/2021\/11\/je_1000px-843x1024.jpg\" alt=\"J\u00fcrgen Esser\" width=\"525\" height=\"638\" srcset=\"https:\/\/www.edilog.de\/network\/wp-content\/uploads\/sites\/6\/2021\/11\/je_1000px-843x1024.jpg 843w, https:\/\/www.edilog.de\/network\/wp-content\/uploads\/sites\/6\/2021\/11\/je_1000px-247x300.jpg 247w, https:\/\/www.edilog.de\/network\/wp-content\/uploads\/sites\/6\/2021\/11\/je_1000px-768x933.jpg 768w, https:\/\/www.edilog.de\/network\/wp-content\/uploads\/sites\/6\/2021\/11\/je_1000px.jpg 1000w\" sizes=\"(max-width: 525px) 100vw, 525px\" \/><\/a><\/p>\n<p><b>Experte f\u00fcr ORACLE &amp; Microsoft Datenbank-Technologien, Data Warehouse &amp; Business Intelligence sowie Datenbanksicherheit und Datenschutz<\/b><\/p>\n<p><a href=\" https:\/\/www.edilog.de\/network\/juergen-esser-it-consulting\/\"><img decoding=\"async\" loading=\"lazy\" class=\"alignnone wp-image-66\" src=\"https:\/\/www.edilog.de\/network\/wp-content\/uploads\/sites\/6\/2019\/02\/btn_mehrerfahren.png\" alt=\"Mehr erfahren zu den Dienstleistungen von J\u00fcrgen Esser IT Dienstleistungen \" width=\"150\" height=\"69\" \/><\/a><\/p>\n<p>&nbsp;<\/p>\n<p>Umfassende Methodenkompetenz, betriebswirtschaftliches und technologisches Know-how aus langj\u00e4hriger Beratungs- und Entwicklungspraxis verbunden mit fundierter Branchenkenntnis machen unsere Partner zum <strong>kompetenten Ansprechpartner f\u00fcr viele Fragen im Rahmen Ihres B\u00fcrobetrieb und der IT<\/strong>.<\/p>\n<p>Von diesem Know-how k\u00f6nnen Sie sich im pers\u00f6nlichen Gespr\u00e4ch leicht \u00fcberzeugen.<\/p>\n<p>F\u00fcr weitere Informationen stehen wir Ihnen gerne zur Verf\u00fcgung. <a title=\"Kontakt\" href=\"https:\/\/www.edilog.de\/network\/kontakt-2\/\">Sprechen Sie uns einfach an!<\/a><\/p>\n","protected":false},"excerpt":{"rendered":"<p>Partner des eDiLOG Business NETWORK Unsere Partner bringen als tragende S\u00e4ulen des eDiLOG Business NETWORK ihre Kernkompetenzen in den Verbund ein, um ein Wissensnetzwerk zu bilden und gewinnbringend f\u00fcr unsere Kunden zu nutzen. Angelika Drove Office Consulting Expertin f\u00fcr Finanz- &amp; Rechnungswesen sowie Office Management J\u00fcrgen Esser IT Consulting Experte f\u00fcr ORACLE &amp; Microsoft Datenbank-Technologien, &hellip; <\/p>\n<p class=\"link-more\"><a href=\"https:\/\/www.edilog.de\/network\/partner\/\" class=\"more-link\"><span class=\"screen-reader-text\">\u201ePartner\u201c<\/span> weiterlesen<\/a><\/p>\n","protected":false},"author":2,"featured_media":11,"parent":0,"menu_order":0,"comment_status":"closed","ping_status":"closed","template":"","meta":[],"aioseo_notices":[],"_links":{"self":[{"href":"https:\/\/www.edilog.de\/network\/wp-json\/wp\/v2\/pages\/136"}],"collection":[{"href":"https:\/\/www.edilog.de\/network\/wp-json\/wp\/v2\/pages"}],"about":[{"href":"https:\/\/www.edilog.de\/network\/wp-json\/wp\/v2\/types\/page"}],"author":[{"embeddable":true,"href":"https:\/\/www.edilog.de\/network\/wp-json\/wp\/v2\/users\/2"}],"replies":[{"embeddable":true,"href":"https:\/\/www.edilog.de\/network\/wp-json\/wp\/v2\/comments?post=136"}],"version-history":[{"count":0,"href":"https:\/\/www.edilog.de\/network\/wp-json\/wp\/v2\/pages\/136\/revisions"}],"wp:featuredmedia":[{"embeddable":true,"href":"https:\/\/www.edilog.de\/network\/wp-json\/wp\/v2\/media\/11"}],"wp:attachment":[{"href":"https:\/\/www.edilog.de\/network\/wp-json\/wp\/v2\/media?parent=136"}],"curies":[{"name":"wp","href":"https:\/\/api.w.org\/{rel}","templated":true}]}}